{"id":145608,"date":"2025-01-10T15:15:22","date_gmt":"2025-01-10T14:15:22","guid":{"rendered":"https:\/\/projects.justyourweb.fr\/karineduprez\/?page_id=145608"},"modified":"2025-05-09T18:22:03","modified_gmt":"2025-05-09T16:22:03","slug":"enfants-adolescents","status":"publish","type":"page","link":"https:\/\/projects.justyourweb.fr\/karineduprez\/enfants-adolescents\/","title":{"rendered":"Enfants Adolescents"},"content":{"rendered":"<div class=\"wpb-content-wrapper\"><p>[vc_row row_height_percent=\u00a0\u00bb28&Prime; override_padding=\u00a0\u00bbyes\u00a0\u00bb h_padding=\u00a0\u00bb2&Prime; top_padding=\u00a0\u00bb0&Prime; bottom_padding=\u00a0\u00bb0&Prime; back_color=\u00a0\u00bbcolor-wayh\u00a0\u00bb back_image=\u00a0\u00bb146049&Prime; back_position=\u00a0\u00bbcenter top\u00a0\u00bb overlay_color=\u00a0\u00bbcolor-wayh\u00a0\u00bb overlay_alpha=\u00a0\u00bb15&Prime; gutter_size=\u00a0\u00bb3&Prime; column_width_percent=\u00a0\u00bb100&Prime; shift_y=\u00a0\u00bb0&Prime; z_index=\u00a0\u00bb0&Prime; enable_bottom_divider=\u00a0\u00bbdefault\u00a0\u00bb bottom_divider=\u00a0\u00bbgradient\u00a0\u00bb shape_bottom_h_use_pixel=\u00a0\u00bbtrue\u00a0\u00bb shape_bottom_height_percent=\u00a0\u00bb75&Prime; shape_bottom_color=\u00a0\u00bbcolor-jevc\u00a0\u00bb shape_bottom_opacity=\u00a0\u00bb30&Prime; shape_bottom_index=\u00a0\u00bb0&Prime; auto_height_device=\u00a0\u00bbyes\u00a0\u00bb content_parallax=\u00a0\u00bb0&Prime; uncode_shortcode_id=\u00a0\u00bb144880&Prime; back_color_type=\u00a0\u00bbuncode-palette\u00a0\u00bb shape_bottom_color_type=\u00a0\u00bbuncode-palette\u00a0\u00bb overlay_color_type=\u00a0\u00bbuncode-palette\u00a0\u00bb css=\u00a0\u00bb.vc_custom_1746807718911{margin-top: 0px !important;margin-bottom: 0px !important;border-top-width: 0px !important;border-bottom-width: 0px !important;padding-top: 0px !important;padding-bottom: 0px !important;}\u00a0\u00bb row_height_pixel=\u00a0\u00bb400&Prime;][vc_column column_width_percent=\u00a0\u00bb100&Prime; position_vertical=\u00a0\u00bbmiddle\u00a0\u00bb gutter_size=\u00a0\u00bb3&Prime; style=\u00a0\u00bbdark\u00a0\u00bb overlay_alpha=\u00a0\u00bb50&Prime; shift_x=\u00a0\u00bb0&Prime; shift_y=\u00a0\u00bb0&Prime; shift_y_down=\u00a0\u00bb0&Prime; z_index=\u00a0\u00bb0&Prime; medium_width=\u00a0\u00bb0&Prime; mobile_width=\u00a0\u00bb0&Prime; css_animation=\u00a0\u00bbalpha-anim\u00a0\u00bb animation_speed=\u00a0\u00bb1000&Prime; width=\u00a0\u00bb1\/1&Prime; uncode_shortcode_id=\u00a0\u00bb772831&Prime;][vc_row_inner row_inner_height_percent=\u00a0\u00bb0&Prime; overlay_alpha=\u00a0\u00bb50&Prime; gutter_size=\u00a0\u00bb4&Prime; shift_y=\u00a0\u00bb0&Prime; z_index=\u00a0\u00bb0&Prime; limit_content=\u00a0\u00bb\u00a0\u00bb uncode_shortcode_id=\u00a0\u00bb104659&Prime; css=\u00a0\u00bb.vc_custom_1737990728654{margin-top: 0px !important;margin-bottom: 0px !important;border-top-width: 0px !important;padding-top: 0px !important;}\u00a0\u00bb][vc_column_inner column_width_percent=\u00a0\u00bb100&Prime; gutter_size=\u00a0\u00bb3&Prime; style=\u00a0\u00bbdark\u00a0\u00bb overlay_alpha=\u00a0\u00bb50&Prime; shift_x=\u00a0\u00bb0&Prime; shift_y=\u00a0\u00bb0&Prime; shift_y_down=\u00a0\u00bb0&Prime; z_index=\u00a0\u00bb0&Prime; medium_width=\u00a0\u00bb4&Prime; mobile_width=\u00a0\u00bb0&Prime; width=\u00a0\u00bb1\/2&Prime; uncode_shortcode_id=\u00a0\u00bb240896&Prime;][vc_custom_heading heading_semantic=\u00a0\u00bbh1&Prime; text_size=\u00a0\u00bbfontsize-338686&Prime; uncode_shortcode_id=\u00a0\u00bb922120&Prime;]Enfants<br \/>\n&amp; Adolescents[\/vc_custom_heading][\/vc_column_inner][\/vc_row_inner][\/vc_column][\/vc_row][vc_row row_height_percent=\u00a0\u00bb0&Prime; override_padding=\u00a0\u00bbyes\u00a0\u00bb h_padding=\u00a0\u00bb2&Prime; top_padding=\u00a0\u00bb3&Prime; bottom_padding=\u00a0\u00bb3&Prime; overlay_alpha=\u00a0\u00bb50&Prime; gutter_size=\u00a0\u00bb3&Prime; column_width_percent=\u00a0\u00bb100&Prime; shift_y=\u00a0\u00bb0&Prime; z_index=\u00a0\u00bb0&Prime; content_parallax=\u00a0\u00bb0&Prime; uncode_shortcode_id=\u00a0\u00bb158208&Prime;][vc_column width=\u00a0\u00bb1\/1&Prime;][vc_row_inner limit_content=\u00a0\u00bb\u00a0\u00bb][vc_column_inner width=\u00a0\u00bb1\/2&Prime;][vc_column_text uncode_shortcode_id=\u00a0\u00bb180144&Prime; css=\u00a0\u00bb.vc_custom_1744384567356{padding-bottom: 30px !important;}\u00a0\u00bb]Pas toujours facile d\u2019\u00eatre parents, personne ne vous l\u2019a appris, il vous arrive parfois de vous sentir d\u00e9munis face \u00e0 vos propres r\u00e9actions,<br \/>\nvos propres \u00e9motions ou celles de vos enfants \/ adolescents, pourquoi il \/ elle agit ainsi, votre enfant \/ adolescent(e) traverse une p\u00e9riode difficile,<br \/>\nvous voulez l\u2019aider et d\u00e9coder ce qu\u2019il se passe.[\/vc_column_text][vc_custom_heading text_color=\u00a0\u00bbcolor-482803&Prime; text_size=\u00a0\u00bbh3&Prime; uncode_shortcode_id=\u00a0\u00bb158894&Prime; text_color_type=\u00a0\u00bbuncode-palette\u00a0\u00bb]Ecouter\u00a0&#8211;\u00a0Observer\u00a0&#8211;\u00a0Rep\u00e9rer[\/vc_custom_heading][vc_column_text uncode_shortcode_id=\u00a0\u00bb115185&Prime; css=\u00a0\u00bb.vc_custom_1744384170711{padding-bottom: 30px !important;}\u00a0\u00bb]De sa naissance, \u00e0 l\u2019\u00e9cole primaire en passant par la cr\u00e8che, la nounou\u2026 il arrive parfois que la s\u00e9curit\u00e9 de l\u2019enfant soit perturb\u00e9e<br \/>\npar un \u00e9v\u00e8nement ext\u00e9rieur inattendu.<br \/>\nDu c\u00f4t\u00e9 de l\u2019adolescence, c\u2019est une p\u00e9riode de grande transformation de fragilit\u00e9, de vuln\u00e9rabilit\u00e9.<br \/>\nIl \/elle n\u2019a pas d\u2019outils pour comprendre ce qu\u2019il \/ elle ressent et l\u2019exprimera par un mal \u2013 \u00eatre qui se manifestera<br \/>\ndans son comportement \u00e9motionnel &amp; corporel.[\/vc_column_text][vc_custom_heading text_color=\u00a0\u00bbcolor-482803&Prime; text_size=\u00a0\u00bbh3&Prime; uncode_shortcode_id=\u00a0\u00bb139542&Prime; text_color_type=\u00a0\u00bbuncode-palette\u00a0\u00bb]Identifier &#8211; Exprimer &#8211; R\u00e9guler[\/vc_custom_heading][\/vc_column_inner][\/vc_row_inner][vc_row_inner limit_content=\u00a0\u00bb\u00a0\u00bb][vc_column_inner width=\u00a0\u00bb1\/2&Prime;][vc_column_text uncode_shortcode_id=\u00a0\u00bb426700&Prime;]Angoisse, Difficult\u00e9s scolaires, Rejet, Phobies, D\u00e9m\u00e9nagement, Du mal \u00e0 s\u2019exprimer, Confiance en Soi,<br \/>\nDeuil, Repli, ou toutes sortes de blocages\u2026[\/vc_column_text][\/vc_column_inner][\/vc_row_inner][\/vc_column][\/vc_row][vc_row unlock_row=\u00a0\u00bb\u00a0\u00bb row_height_percent=\u00a0\u00bb0&Prime; override_padding=\u00a0\u00bbyes\u00a0\u00bb h_padding=\u00a0\u00bb1&Prime; top_padding=\u00a0\u00bb2&Prime; bottom_padding=\u00a0\u00bb2&Prime; back_image=\u00a0\u00bb146051&Prime; back_position=\u00a0\u00bbleft center\u00a0\u00bb overlay_alpha=\u00a0\u00bb50&Prime; gutter_size=\u00a0\u00bb3&Prime; column_width_percent=\u00a0\u00bb100&Prime; shift_y=\u00a0\u00bb0&Prime; z_index=\u00a0\u00bb0&Prime; content_parallax=\u00a0\u00bb0&Prime; uncode_shortcode_id=\u00a0\u00bb213194&Prime;][vc_column column_width_percent=\u00a0\u00bb100&Prime; gutter_size=\u00a0\u00bb3&Prime; overlay_alpha=\u00a0\u00bb50&Prime; shift_x=\u00a0\u00bb0&Prime; shift_y=\u00a0\u00bb0&Prime; shift_y_down=\u00a0\u00bb0&Prime; z_index=\u00a0\u00bb0&Prime; medium_width=\u00a0\u00bb0&Prime; mobile_width=\u00a0\u00bb0&Prime; width=\u00a0\u00bb1\/1&Prime; uncode_shortcode_id=\u00a0\u00bb209691&Prime;][vc_custom_heading text_color=\u00a0\u00bbcolor-xsdn\u00a0\u00bb text_size=\u00a0\u00bbfontsize-155944&Prime; uncode_shortcode_id=\u00a0\u00bb210155&Prime; text_color_type=\u00a0\u00bbuncode-palette\u00a0\u00bb]Mes Approches[\/vc_custom_heading][\/vc_column][\/vc_row][vc_row row_height_percent=\u00a0\u00bb0&Prime; override_padding=\u00a0\u00bbyes\u00a0\u00bb h_padding=\u00a0\u00bb2&Prime; top_padding=\u00a0\u00bb2&Prime; bottom_padding=\u00a0\u00bb5&Prime; overlay_alpha=\u00a0\u00bb50&Prime; gutter_size=\u00a0\u00bb3&Prime; column_width_percent=\u00a0\u00bb100&Prime; shift_y=\u00a0\u00bb0&Prime; z_index=\u00a0\u00bb0&Prime; content_parallax=\u00a0\u00bb0&Prime; uncode_shortcode_id=\u00a0\u00bb464996&Prime;][vc_column width=\u00a0\u00bb1\/1&Prime;][vc_row_inner limit_content=\u00a0\u00bb\u00a0\u00bb][vc_column_inner width=\u00a0\u00bb1\/2&Prime;][vc_column_text uncode_shortcode_id=\u00a0\u00bb153618&Prime;]Je travaille avec vous en \u00e9troite collaboration<br \/>\npour accompagner votre enfant \/ adolescent(e) \u00e0 se lib\u00e9rer de toutes sortes d\u2019\u00e9motions.[\/vc_column_text][vc_custom_heading text_color=\u00a0\u00bbcolor-482803&Prime; text_size=\u00a0\u00bbh3&Prime; uncode_shortcode_id=\u00a0\u00bb175212&Prime; text_color_type=\u00a0\u00bbuncode-palette\u00a0\u00bb]Accompagner &#8211; lib\u00e9rer &#8211; Apaiser[\/vc_custom_heading][vc_column_text uncode_shortcode_id=\u00a0\u00bb596985&Prime;]<strong>Le jeu<\/strong>\u00a0permet d\u2019exprimer sans risque ses \u00e9motions.<\/p>\n<p><strong>Le dessin<\/strong>\u00a0est un message, un langage de l\u2019inconscient, de la spontan\u00e9it\u00e9 de dialogue,<br \/>\nqui permet de mettre son monde int\u00e9rieur sur papier.<\/p>\n<p><strong>La parole<\/strong>\u00a0pour exprimer \u2013 d\u00e9charger \u2013 lib\u00e9rer.<\/p>\n<p><strong>La respiration, la relaxation<\/strong>\u00a0pour prendre conscience des diff\u00e9rentes parties de son corps,<br \/>\nafin de d\u00e9nouer ses tensions internes par soi \u2013 m\u00eame.<\/p>\n<p><strong>L\u2019EFT<\/strong>\u00a0pour lib\u00e9rer les \u00e9motions.<br \/>\n\u00e0 chaque \u00e2ge son protocole, une m\u00e9thode ludique bien adapt\u00e9e aux enfants,<br \/>\nils ont moins de filtres et portent moins de jugements et de sch\u00e9mas que les adultes.[\/vc_column_text][vc_custom_heading text_color=\u00a0\u00bbcolor-482803&Prime; text_size=\u00a0\u00bbh5&Prime; uncode_shortcode_id=\u00a0\u00bb138512&Prime; text_color_type=\u00a0\u00bbuncode-palette\u00a0\u00bb]EFT &#8211; a chaque \u00e2ge son protocole[\/vc_custom_heading][\/vc_column_inner][\/vc_row_inner][vc_column_text uncode_shortcode_id=\u00a0\u00bb112301&Prime;]<\/p>\n<div class=\"et_pb_module et_pb_text et_pb_text_5 et_pb_text_align_center et_pb_bg_layout_light et_had_animation\">\n<div class=\"et_pb_text_inner\">\n<p><strong>EFT<\/strong> signifie Emotional Freedom Technique \u2013 Techniques de lib\u00e9ration \u00e9motionnelle<\/p>\n<p>L\u2019eft peut \u00eatre utilis\u00e9 d\u00e8s le plus jeune \u00e2ge.<br \/>\nUne pratique simple : l\u2019autostimulation avec ses doigts sur des points pr\u00e9cis \u2013 m\u00e9ridiens<br \/>\npar de l\u00e9gers massages, stimulations ou tapotements ( le visage, le haut de corps, les mains ).<br \/>\nUn processus tr\u00e8s cr\u00e9atif, avec une certaine rigueur et un respect du protocole de la technique int\u00e9gr\u00e9e.<\/p>\n<p>L\u2019EFT Clinique est une technique psychocorporelle, valid\u00e9e scientifiquement,<br \/>\ndans le but de restaurer et d\u2019am\u00e9liorer le fonctionnement au niveau cognitif, \u00e9motionnel et comportemental.<\/p>\n<p><strong>Pour l\u2019enfant<\/strong> La s\u00e9ance se d\u00e9roule avec ou sans le parent en fonction de l\u2019\u00e2ge et de son d\u00e9sir.<br \/>\nIl \/ elle peut stimuler \/ tapoter par lui \u2013 m\u00eame ou par le parent, sur tout autre support ou bien utiliser son doudou.<\/p>\n<p><strong>Chez l\u2019adolescent(e)<\/strong>, stimulation \/ tapotement par lui (elle) \u2013 m\u00eame, pratique identique \u00e0 celle des adultes.<br \/>\ndans son quotidien il (elle) pourra \u00e9galement pratiquer, devenir autonome savoir se g\u00e9rer en fonction des \u00e9v\u00e8nements.<br \/>\nL\u2019aide d\u2019un praticien est n\u00e9cessaire pour un travail en profondeur et de r\u00e9sultats durables.<\/p>\n<\/div>\n<\/div>\n<p>[\/vc_column_text][vc_column_text uncode_shortcode_id=\u00a0\u00bb127149&Prime; css=\u00a0\u00bb.vc_custom_1744384584078{padding-top: 30px !important;}\u00a0\u00bb]<\/p>\n<div class=\"et_pb_module et_pb_text et_pb_text_5 et_pb_text_align_center et_pb_bg_layout_light et_had_animation\">\n<div class=\"et_pb_text_inner\">\n<p><strong>Enfant (jusqu\u2019\u00e0 16 ans)<\/strong> : 55\u20ac (la s\u00e9ance de 45 min \u00e0 1H)<\/p>\n<\/div>\n<\/div>\n<p>[\/vc_column_text][\/vc_column][\/vc_row]<\/p>\n<\/div>","protected":false},"excerpt":{"rendered":"<p>[vc_row row_height_percent=\u00a0\u00bb28&Prime; override_padding=\u00a0\u00bbyes\u00a0\u00bb h_padding=\u00a0\u00bb2&Prime; top_padding=\u00a0\u00bb0&Prime; bottom_padding=\u00a0\u00bb0&Prime; back_color=\u00a0\u00bbcolor-wayh\u00a0\u00bb back_image=\u00a0\u00bb146049&Prime; back_position=\u00a0\u00bbcenter top\u00a0\u00bb overlay_color=\u00a0\u00bbcolor-wayh\u00a0\u00bb overlay_alpha=\u00a0\u00bb15&Prime; gutter_size=\u00a0\u00bb3&Prime; column_width_percent=\u00a0\u00bb100&Prime; shift_y=\u00a0\u00bb0&Prime; z_index=\u00a0\u00bb0&Prime; enable_bottom_divider=\u00a0\u00bbdefault\u00a0\u00bb bottom_divider=\u00a0\u00bbgradient\u00a0\u00bb shape_bottom_h_use_pixel=\u00a0\u00bbtrue\u00a0\u00bb shape_bottom_height_percent=\u00a0\u00bb75&Prime; [&hellip;]<\/p>\n","protected":false},"author":1,"featured_media":0,"parent":0,"menu_order":0,"comment_status":"closed","ping_status":"closed","template":"","meta":{"footnotes":""},"class_list":["post-145608","page","type-page","status-publish","hentry"],"yoast_head":"<!-- This site is optimized with the Yoast SEO plugin v27.3 - https:\/\/yoast.com\/product\/yoast-seo-wordpress\/ -->\n<title>Enfants Adolescents - Karine Duprez - Psychoth\u00e9rapie Lille<\/title>\n<meta name=\"robots\" content=\"noindex, follow, max-snippet:-1, max-image-preview:large, max-video-preview:-1\" \/>\n<meta property=\"og:locale\" content=\"fr_FR\" \/>\n<meta property=\"og:type\" content=\"article\" \/>\n<meta property=\"og:title\" content=\"Enfants Adolescents - Karine Duprez - Psychoth\u00e9rapie Lille\" \/>\n<meta property=\"og:description\" content=\"[vc_row row_height_percent=\u00a0\u00bb28&Prime; override_padding=\u00a0\u00bbyes\u00a0\u00bb h_padding=\u00a0\u00bb2&Prime; top_padding=\u00a0\u00bb0&Prime; bottom_padding=\u00a0\u00bb0&Prime; back_color=\u00a0\u00bbcolor-wayh\u00a0\u00bb back_image=\u00a0\u00bb146049&Prime; back_position=\u00a0\u00bbcenter top\u00a0\u00bb overlay_color=\u00a0\u00bbcolor-wayh\u00a0\u00bb overlay_alpha=\u00a0\u00bb15&Prime; gutter_size=\u00a0\u00bb3&Prime; column_width_percent=\u00a0\u00bb100&Prime; shift_y=\u00a0\u00bb0&Prime; z_index=\u00a0\u00bb0&Prime; enable_bottom_divider=\u00a0\u00bbdefault\u00a0\u00bb bottom_divider=\u00a0\u00bbgradient\u00a0\u00bb shape_bottom_h_use_pixel=\u00a0\u00bbtrue\u00a0\u00bb shape_bottom_height_percent=\u00a0\u00bb75&Prime; [&hellip;]\" \/>\n<meta property=\"og:url\" content=\"https:\/\/projects.justyourweb.fr\/karineduprez\/enfants-adolescents\/\" \/>\n<meta property=\"og:site_name\" content=\"Karine Duprez - Psychoth\u00e9rapie Lille\" \/>\n<meta property=\"article:modified_time\" content=\"2025-05-09T16:22:03+00:00\" \/>\n<meta name=\"twitter:card\" content=\"summary_large_image\" \/>\n<meta name=\"twitter:label1\" content=\"Dur\u00e9e de lecture estim\u00e9e\" \/>\n\t<meta name=\"twitter:data1\" content=\"2 minutes\" \/>\n<script type=\"application\/ld+json\" class=\"yoast-schema-graph\">{\"@context\":\"https:\\\/\\\/schema.org\",\"@graph\":[{\"@type\":\"WebPage\",\"@id\":\"https:\\\/\\\/projects.justyourweb.fr\\\/karineduprez\\\/enfants-adolescents\\\/\",\"url\":\"https:\\\/\\\/projects.justyourweb.fr\\\/karineduprez\\\/enfants-adolescents\\\/\",\"name\":\"Enfants Adolescents - Karine Duprez - Psychoth\u00e9rapie Lille\",\"isPartOf\":{\"@id\":\"https:\\\/\\\/projects.justyourweb.fr\\\/karineduprez\\\/#website\"},\"datePublished\":\"2025-01-10T14:15:22+00:00\",\"dateModified\":\"2025-05-09T16:22:03+00:00\",\"breadcrumb\":{\"@id\":\"https:\\\/\\\/projects.justyourweb.fr\\\/karineduprez\\\/enfants-adolescents\\\/#breadcrumb\"},\"inLanguage\":\"fr-FR\",\"potentialAction\":[{\"@type\":\"ReadAction\",\"target\":[\"https:\\\/\\\/projects.justyourweb.fr\\\/karineduprez\\\/enfants-adolescents\\\/\"]}]},{\"@type\":\"BreadcrumbList\",\"@id\":\"https:\\\/\\\/projects.justyourweb.fr\\\/karineduprez\\\/enfants-adolescents\\\/#breadcrumb\",\"itemListElement\":[{\"@type\":\"ListItem\",\"position\":1,\"name\":\"Accueil\",\"item\":\"https:\\\/\\\/projects.justyourweb.fr\\\/karineduprez\\\/\"},{\"@type\":\"ListItem\",\"position\":2,\"name\":\"Enfants Adolescents\"}]},{\"@type\":\"WebSite\",\"@id\":\"https:\\\/\\\/projects.justyourweb.fr\\\/karineduprez\\\/#website\",\"url\":\"https:\\\/\\\/projects.justyourweb.fr\\\/karineduprez\\\/\",\"name\":\"Karine Duprez - Psychoth\u00e9rapie Lille\",\"description\":\"\",\"potentialAction\":[{\"@type\":\"SearchAction\",\"target\":{\"@type\":\"EntryPoint\",\"urlTemplate\":\"https:\\\/\\\/projects.justyourweb.fr\\\/karineduprez\\\/?s={search_term_string}\"},\"query-input\":{\"@type\":\"PropertyValueSpecification\",\"valueRequired\":true,\"valueName\":\"search_term_string\"}}],\"inLanguage\":\"fr-FR\"}]}<\/script>\n<!-- \/ Yoast SEO plugin. -->","yoast_head_json":{"title":"Enfants Adolescents - Karine Duprez - Psychoth\u00e9rapie Lille","robots":{"index":"noindex","follow":"follow","max-snippet":"max-snippet:-1","max-image-preview":"max-image-preview:large","max-video-preview":"max-video-preview:-1"},"og_locale":"fr_FR","og_type":"article","og_title":"Enfants Adolescents - Karine Duprez - Psychoth\u00e9rapie Lille","og_description":"[vc_row row_height_percent=\u00a0\u00bb28&Prime; override_padding=\u00a0\u00bbyes\u00a0\u00bb h_padding=\u00a0\u00bb2&Prime; top_padding=\u00a0\u00bb0&Prime; bottom_padding=\u00a0\u00bb0&Prime; back_color=\u00a0\u00bbcolor-wayh\u00a0\u00bb back_image=\u00a0\u00bb146049&Prime; back_position=\u00a0\u00bbcenter top\u00a0\u00bb overlay_color=\u00a0\u00bbcolor-wayh\u00a0\u00bb overlay_alpha=\u00a0\u00bb15&Prime; gutter_size=\u00a0\u00bb3&Prime; column_width_percent=\u00a0\u00bb100&Prime; shift_y=\u00a0\u00bb0&Prime; z_index=\u00a0\u00bb0&Prime; enable_bottom_divider=\u00a0\u00bbdefault\u00a0\u00bb bottom_divider=\u00a0\u00bbgradient\u00a0\u00bb shape_bottom_h_use_pixel=\u00a0\u00bbtrue\u00a0\u00bb shape_bottom_height_percent=\u00a0\u00bb75&Prime; [&hellip;]","og_url":"https:\/\/projects.justyourweb.fr\/karineduprez\/enfants-adolescents\/","og_site_name":"Karine Duprez - Psychoth\u00e9rapie Lille","article_modified_time":"2025-05-09T16:22:03+00:00","twitter_card":"summary_large_image","twitter_misc":{"Dur\u00e9e de lecture estim\u00e9e":"2 minutes"},"schema":{"@context":"https:\/\/schema.org","@graph":[{"@type":"WebPage","@id":"https:\/\/projects.justyourweb.fr\/karineduprez\/enfants-adolescents\/","url":"https:\/\/projects.justyourweb.fr\/karineduprez\/enfants-adolescents\/","name":"Enfants Adolescents - Karine Duprez - Psychoth\u00e9rapie Lille","isPartOf":{"@id":"https:\/\/projects.justyourweb.fr\/karineduprez\/#website"},"datePublished":"2025-01-10T14:15:22+00:00","dateModified":"2025-05-09T16:22:03+00:00","breadcrumb":{"@id":"https:\/\/projects.justyourweb.fr\/karineduprez\/enfants-adolescents\/#breadcrumb"},"inLanguage":"fr-FR","potentialAction":[{"@type":"ReadAction","target":["https:\/\/projects.justyourweb.fr\/karineduprez\/enfants-adolescents\/"]}]},{"@type":"BreadcrumbList","@id":"https:\/\/projects.justyourweb.fr\/karineduprez\/enfants-adolescents\/#breadcrumb","itemListElement":[{"@type":"ListItem","position":1,"name":"Accueil","item":"https:\/\/projects.justyourweb.fr\/karineduprez\/"},{"@type":"ListItem","position":2,"name":"Enfants Adolescents"}]},{"@type":"WebSite","@id":"https:\/\/projects.justyourweb.fr\/karineduprez\/#website","url":"https:\/\/projects.justyourweb.fr\/karineduprez\/","name":"Karine Duprez - Psychoth\u00e9rapie Lille","description":"","potentialAction":[{"@type":"SearchAction","target":{"@type":"EntryPoint","urlTemplate":"https:\/\/projects.justyourweb.fr\/karineduprez\/?s={search_term_string}"},"query-input":{"@type":"PropertyValueSpecification","valueRequired":true,"valueName":"search_term_string"}}],"inLanguage":"fr-FR"}]}},"_links":{"self":[{"href":"https:\/\/projects.justyourweb.fr\/karineduprez\/wp-json\/wp\/v2\/pages\/145608","targetHints":{"allow":["GET"]}}],"collection":[{"href":"https:\/\/projects.justyourweb.fr\/karineduprez\/wp-json\/wp\/v2\/pages"}],"about":[{"href":"https:\/\/projects.justyourweb.fr\/karineduprez\/wp-json\/wp\/v2\/types\/page"}],"author":[{"embeddable":true,"href":"https:\/\/projects.justyourweb.fr\/karineduprez\/wp-json\/wp\/v2\/users\/1"}],"replies":[{"embeddable":true,"href":"https:\/\/projects.justyourweb.fr\/karineduprez\/wp-json\/wp\/v2\/comments?post=145608"}],"version-history":[{"count":55,"href":"https:\/\/projects.justyourweb.fr\/karineduprez\/wp-json\/wp\/v2\/pages\/145608\/revisions"}],"predecessor-version":[{"id":146090,"href":"https:\/\/projects.justyourweb.fr\/karineduprez\/wp-json\/wp\/v2\/pages\/145608\/revisions\/146090"}],"wp:attachment":[{"href":"https:\/\/projects.justyourweb.fr\/karineduprez\/wp-json\/wp\/v2\/media?parent=145608"}],"curies":[{"name":"wp","href":"https:\/\/api.w.org\/{rel}","templated":true}]}}