{"id":145609,"date":"2025-01-10T15:15:29","date_gmt":"2025-01-10T14:15:29","guid":{"rendered":"https:\/\/projects.justyourweb.fr\/karineduprez\/?page_id=145609"},"modified":"2025-05-09T18:23:25","modified_gmt":"2025-05-09T16:23:25","slug":"parents-adultes","status":"publish","type":"page","link":"https:\/\/projects.justyourweb.fr\/karineduprez\/parents-adultes\/","title":{"rendered":"Parent(s) Adultes"},"content":{"rendered":"<div class=\"wpb-content-wrapper\"><p>[vc_row row_height_percent=\u00a0\u00bb30&Prime; override_padding=\u00a0\u00bbyes\u00a0\u00bb h_padding=\u00a0\u00bb2&Prime; top_padding=\u00a0\u00bb0&Prime; bottom_padding=\u00a0\u00bb0&Prime; back_color=\u00a0\u00bbcolor-wayh\u00a0\u00bb back_image=\u00a0\u00bb146053&Prime; back_position=\u00a0\u00bbcenter top\u00a0\u00bb overlay_color=\u00a0\u00bbcolor-wayh\u00a0\u00bb overlay_alpha=\u00a0\u00bb15&Prime; gutter_size=\u00a0\u00bb3&Prime; column_width_percent=\u00a0\u00bb100&Prime; shift_y=\u00a0\u00bb0&Prime; z_index=\u00a0\u00bb0&Prime; enable_bottom_divider=\u00a0\u00bbdefault\u00a0\u00bb bottom_divider=\u00a0\u00bbgradient\u00a0\u00bb shape_bottom_h_use_pixel=\u00a0\u00bbtrue\u00a0\u00bb shape_bottom_height_percent=\u00a0\u00bb75&Prime; shape_bottom_color=\u00a0\u00bbcolor-jevc\u00a0\u00bb shape_bottom_opacity=\u00a0\u00bb30&Prime; shape_bottom_index=\u00a0\u00bb0&Prime; auto_height_device=\u00a0\u00bbyes\u00a0\u00bb content_parallax=\u00a0\u00bb0&Prime; uncode_shortcode_id=\u00a0\u00bb374116&Prime; back_color_type=\u00a0\u00bbuncode-palette\u00a0\u00bb shape_bottom_color_type=\u00a0\u00bbuncode-palette\u00a0\u00bb overlay_color_type=\u00a0\u00bbuncode-palette\u00a0\u00bb css=\u00a0\u00bb.vc_custom_1746807802442{margin-top: 0px !important;margin-bottom: 0px !important;border-top-width: 0px !important;border-bottom-width: 0px !important;padding-top: 0px !important;padding-bottom: 0px !important;}\u00a0\u00bb row_height_pixel=\u00a0\u00bb400&Prime;][vc_column column_width_percent=\u00a0\u00bb100&Prime; position_vertical=\u00a0\u00bbmiddle\u00a0\u00bb gutter_size=\u00a0\u00bb3&Prime; style=\u00a0\u00bbdark\u00a0\u00bb overlay_alpha=\u00a0\u00bb50&Prime; shift_x=\u00a0\u00bb0&Prime; shift_y=\u00a0\u00bb0&Prime; shift_y_down=\u00a0\u00bb0&Prime; z_index=\u00a0\u00bb0&Prime; medium_width=\u00a0\u00bb0&Prime; mobile_width=\u00a0\u00bb0&Prime; css_animation=\u00a0\u00bbalpha-anim\u00a0\u00bb animation_speed=\u00a0\u00bb1000&Prime; width=\u00a0\u00bb1\/1&Prime; uncode_shortcode_id=\u00a0\u00bb772831&Prime;][vc_row_inner row_inner_height_percent=\u00a0\u00bb0&Prime; overlay_alpha=\u00a0\u00bb50&Prime; gutter_size=\u00a0\u00bb4&Prime; shift_y=\u00a0\u00bb0&Prime; z_index=\u00a0\u00bb0&Prime; limit_content=\u00a0\u00bb\u00a0\u00bb uncode_shortcode_id=\u00a0\u00bb104659&Prime; css=\u00a0\u00bb.vc_custom_1737990728654{margin-top: 0px !important;margin-bottom: 0px !important;border-top-width: 0px !important;padding-top: 0px !important;}\u00a0\u00bb][vc_column_inner column_width_percent=\u00a0\u00bb100&Prime; gutter_size=\u00a0\u00bb3&Prime; style=\u00a0\u00bbdark\u00a0\u00bb overlay_alpha=\u00a0\u00bb50&Prime; shift_x=\u00a0\u00bb0&Prime; shift_y=\u00a0\u00bb0&Prime; shift_y_down=\u00a0\u00bb0&Prime; z_index=\u00a0\u00bb0&Prime; medium_width=\u00a0\u00bb4&Prime; mobile_width=\u00a0\u00bb0&Prime; width=\u00a0\u00bb1\/2&Prime; uncode_shortcode_id=\u00a0\u00bb240896&Prime;][vc_custom_heading heading_semantic=\u00a0\u00bbh1&Prime; text_size=\u00a0\u00bbfontsize-338686&Prime; uncode_shortcode_id=\u00a0\u00bb132623&Prime;]Parent(s)<br \/>\nAdultes[\/vc_custom_heading][\/vc_column_inner][\/vc_row_inner][\/vc_column][\/vc_row][vc_row row_height_percent=\u00a0\u00bb0&Prime; override_padding=\u00a0\u00bbyes\u00a0\u00bb h_padding=\u00a0\u00bb2&Prime; top_padding=\u00a0\u00bb3&Prime; bottom_padding=\u00a0\u00bb3&Prime; overlay_alpha=\u00a0\u00bb50&Prime; gutter_size=\u00a0\u00bb3&Prime; column_width_percent=\u00a0\u00bb100&Prime; shift_y=\u00a0\u00bb0&Prime; z_index=\u00a0\u00bb0&Prime; content_parallax=\u00a0\u00bb0&Prime; uncode_shortcode_id=\u00a0\u00bb195588&Prime;][vc_column width=\u00a0\u00bb1\/1&Prime;][vc_row_inner limit_content=\u00a0\u00bb\u00a0\u00bb][vc_column_inner width=\u00a0\u00bb1\/2&Prime;][vc_column_text uncode_shortcode_id=\u00a0\u00bb181521&Prime; css=\u00a0\u00bb.vc_custom_1741173031701{padding-bottom: 30px !important;}\u00a0\u00bb]En tant que parent, adulte, vous vous sentez d\u00e9pass\u00e9(e) et impuissant(e), vous faites de votre mieux, comment rassurer et r\u00e9conforter son enfant quand on est soi m\u00eame perdu(e), pr\u00e9occup\u00e9(e) ou d\u00e9pass\u00e9(e).<br \/>\nChaque adulte garde au fond de lui une part d\u2019enfant bless\u00e9 qui a besoin d\u2019\u00e9coute, de reconnaissance, d\u2019encouragement.<br \/>\nPlus vous \u00eates serein(e), plus vous \u00eates en mesure d\u2019accueillir vos propres \u00e9motions et celles de votre enfant.[\/vc_column_text][vc_custom_heading text_color=\u00a0\u00bbcolor-482803&Prime; text_size=\u00a0\u00bbh3&Prime; uncode_shortcode_id=\u00a0\u00bb169323&Prime; text_color_type=\u00a0\u00bbuncode-palette\u00a0\u00bb]R\u00e9conforter &#8211; Rassurer &#8211; Revaloriser[\/vc_custom_heading][\/vc_column_inner][\/vc_row_inner][vc_row_inner limit_content=\u00a0\u00bb\u00a0\u00bb][vc_column_inner width=\u00a0\u00bb1\/2&Prime;][vc_column_text uncode_shortcode_id=\u00a0\u00bb100296&Prime; css=\u00a0\u00bb.vc_custom_1744384254028{padding-bottom: 30px !important;}\u00a0\u00bb]En tant que parents, vous souhaitez affiner vos pratiques parentales, afin de revaloriser vos \u00e9changes,<br \/>\nd\u00e9nouer les blocages, permettant de recr\u00e9er du lien.[\/vc_column_text][vc_custom_heading text_color=\u00a0\u00bbcolor-482803&Prime; text_size=\u00a0\u00bbh3&Prime; uncode_shortcode_id=\u00a0\u00bb125298&Prime; text_color_type=\u00a0\u00bbuncode-palette\u00a0\u00bb]Rep\u00e9rer &#8211; Am\u00e9liorer &#8211; Modifier[\/vc_custom_heading][vc_column_text uncode_shortcode_id=\u00a0\u00bb908196&Prime;]Poser des mots sur ce que vous ressentez, prendre conscience des pens\u00e9es incessantes face aux situations<br \/>\nDe Stress, d\u2019Anxi\u00e9t\u00e9, d\u2019\u00c9motions envahissantes (col\u00e8re, tristesse, culpabilit\u00e9\u2026), de Crises d\u2019angoisse, Deuil,<br \/>\nSouvenirs traumatisants, S\u00e9paration, Estime de soi ou toutes sortes de blocages\u2026[\/vc_column_text][\/vc_column_inner][\/vc_row_inner][\/vc_column][\/vc_row][vc_row unlock_row=\u00a0\u00bb\u00a0\u00bb row_height_percent=\u00a0\u00bb0&Prime; override_padding=\u00a0\u00bbyes\u00a0\u00bb h_padding=\u00a0\u00bb1&Prime; top_padding=\u00a0\u00bb2&Prime; bottom_padding=\u00a0\u00bb2&Prime; back_image=\u00a0\u00bb146054&Prime; back_position=\u00a0\u00bbcenter top\u00a0\u00bb overlay_alpha=\u00a0\u00bb50&Prime; gutter_size=\u00a0\u00bb3&Prime; column_width_percent=\u00a0\u00bb100&Prime; shift_y=\u00a0\u00bb0&Prime; z_index=\u00a0\u00bb0&Prime; content_parallax=\u00a0\u00bb0&Prime; uncode_shortcode_id=\u00a0\u00bb116661&Prime;][vc_column width=\u00a0\u00bb1\/1&Prime;][vc_custom_heading text_color=\u00a0\u00bbcolor-105898&Prime; text_size=\u00a0\u00bbfontsize-155944&Prime; uncode_shortcode_id=\u00a0\u00bb462849&Prime; text_color_type=\u00a0\u00bbuncode-palette\u00a0\u00bb]<span style=\"color: #ffffff; text-shadow: -2px -2px 0 #859cc2, 2px -2px 0 #859cc2, -1px 2px 0 #859cc2, 2px 2px 0 #859cc2; font-weight: bold;\">Mes Approches<\/span>[\/vc_custom_heading][\/vc_column][\/vc_row][vc_row row_height_percent=\u00a0\u00bb0&Prime; overlay_alpha=\u00a0\u00bb50&Prime; gutter_size=\u00a0\u00bb3&Prime; column_width_percent=\u00a0\u00bb100&Prime; shift_y=\u00a0\u00bb0&Prime; z_index=\u00a0\u00bb0&Prime; content_parallax=\u00a0\u00bb0&Prime; uncode_shortcode_id=\u00a0\u00bb191045&Prime;][vc_column width=\u00a0\u00bb1\/1&Prime;][vc_row_inner row_inner_height_percent=\u00a0\u00bb0&Prime; overlay_alpha=\u00a0\u00bb50&Prime; gutter_size=\u00a0\u00bb3&Prime; shift_y=\u00a0\u00bb0&Prime; z_index=\u00a0\u00bb0&Prime; limit_content=\u00a0\u00bb\u00a0\u00bb uncode_shortcode_id=\u00a0\u00bb450872&Prime;][vc_column_inner column_width_percent=\u00a0\u00bb100&Prime; gutter_size=\u00a0\u00bb2&Prime; overlay_alpha=\u00a0\u00bb50&Prime; shift_x=\u00a0\u00bb0&Prime; shift_y=\u00a0\u00bb0&Prime; shift_y_down=\u00a0\u00bb0&Prime; z_index=\u00a0\u00bb0&Prime; medium_width=\u00a0\u00bb0&Prime; mobile_width=\u00a0\u00bb0&Prime; width=\u00a0\u00bb1\/2&Prime; uncode_shortcode_id=\u00a0\u00bb330286&Prime;][vc_column_text uncode_shortcode_id=\u00a0\u00bb821354&Prime;]<strong>Th\u00e9rapie Psychocorporelle<br \/>\n<\/strong>Permet de r\u00e9parer les traumatismes pr\u00e9sents dans la m\u00e9moire corporelle.<br \/>\nTechnique de relaxation, coh\u00e9rence cardiaque pour rel\u00e2cher les tensions au niveau physique, \u00e9motionnel et mental.<\/p>\n<p><strong>Th\u00e9rapie cognitivo \u2013 comportementale &amp; \u00e9motionnelle<br \/>\n<\/strong>Identifier, modifier, remettre en question les croyances, les pens\u00e9es, les \u00e9motions bloquantes et perturbantes<br \/>\nqui visent l\u2019apprentissage de nouveaux comportements.[\/vc_column_text][\/vc_column_inner][\/vc_row_inner][vc_custom_heading text_color=\u00a0\u00bbcolor-482803&Prime; text_size=\u00a0\u00bbh3&Prime; uncode_shortcode_id=\u00a0\u00bb179117&Prime; text_color_type=\u00a0\u00bbuncode-palette\u00a0\u00bb]Stimuler &#8211; D\u00e9programmer &#8211; Lib\u00e9rer[\/vc_custom_heading][vc_column_text uncode_shortcode_id=\u00a0\u00bb105987&Prime;]<strong>EFT<\/strong> \u2013 Ensemble de Techniques de lib\u00e9ration \u00e9motionnelle, branche de la psychologie \u00e9nerg\u00e9tique, Roger Callahan est le psychologue clinicien<br \/>\nqui en a \u00e9t\u00e9 \u00e0 l\u2019origine vers la fin des ann\u00e9es 1970.<br \/>\nCette branche de la psychologie se base sur les principes de la m\u00e9decine chinoise, qui accorde une grande place au syst\u00e8me \u00e9nerg\u00e9tique.<br \/>\nDans les ann\u00e9es 90 Gary craig un ancien assistant a d\u00e9cid\u00e9 de simplifier la m\u00e9thode : L\u2019eft \u00e9tait n\u00e9.<\/p>\n<p>Cette technique, cherche \u00e0 r\u00e9tablir l\u2019\u00e9quilibre entre le corps et l\u2019esprit, vous lib\u00e9rer des blocages \u00e9motionnels qui se sont ancr\u00e9s en vous<br \/>\n\u00e0 la suite d\u2019\u00e9v\u00e9nements perturbants, douloureux ou psychologiques qui n\u2019ont pas \u00e9t\u00e9 r\u00e9solus \u2026<\/p>\n<p>Pour cela en stimulant certains points m\u00e9ridiens en les \u00abtapotant\u00bb, vous allez pouvoir rouvrir les portes,<br \/>\nvous sentir plus serein face \u00e0 vos \u00e9motions.<\/p>\n<p>L\u2019EFT a pour effet de d\u00e9conditionner les \u00e9motions et pens\u00e9es qui se sont associ\u00e9es \u00e0 vos exp\u00e9riences v\u00e9cues.<\/p>\n<p>Vous pourrez \u00e9galement pratiquer en autonomie en fonction des \u00e9v\u00e8nements.<br \/>\nL\u2019aide d\u2019un praticien reste n\u00e9cessaire pour un travail en profondeur et de r\u00e9sultats durables.[\/vc_column_text][vc_column_text uncode_shortcode_id=\u00a0\u00bb198636&Prime; css=\u00a0\u00bb.vc_custom_1744384435868{padding-top: 30px !important;}\u00a0\u00bb]<strong>Adulte<\/strong> : 65\u20ac (la s\u00e9ance de 1h \u00e0 1h15)[\/vc_column_text][\/vc_column][\/vc_row][vc_row][vc_column width=\u00a0\u00bb1\/1&Prime;][vc_empty_space empty_h=\u00a0\u00bb2&Prime;][\/vc_column][\/vc_row]<\/p>\n<\/div>","protected":false},"excerpt":{"rendered":"<p>[vc_row row_height_percent=\u00a0\u00bb30&Prime; override_padding=\u00a0\u00bbyes\u00a0\u00bb h_padding=\u00a0\u00bb2&Prime; top_padding=\u00a0\u00bb0&Prime; bottom_padding=\u00a0\u00bb0&Prime; back_color=\u00a0\u00bbcolor-wayh\u00a0\u00bb back_image=\u00a0\u00bb146053&Prime; back_position=\u00a0\u00bbcenter top\u00a0\u00bb overlay_color=\u00a0\u00bbcolor-wayh\u00a0\u00bb overlay_alpha=\u00a0\u00bb15&Prime; gutter_size=\u00a0\u00bb3&Prime; column_width_percent=\u00a0\u00bb100&Prime; shift_y=\u00a0\u00bb0&Prime; z_index=\u00a0\u00bb0&Prime; enable_bottom_divider=\u00a0\u00bbdefault\u00a0\u00bb bottom_divider=\u00a0\u00bbgradient\u00a0\u00bb shape_bottom_h_use_pixel=\u00a0\u00bbtrue\u00a0\u00bb shape_bottom_height_percent=\u00a0\u00bb75&Prime; [&hellip;]<\/p>\n","protected":false},"author":1,"featured_media":140500,"parent":0,"menu_order":0,"comment_status":"closed","ping_status":"closed","template":"","meta":{"footnotes":""},"class_list":["post-145609","page","type-page","status-publish","has-post-thumbnail","hentry"],"yoast_head":"<!-- This site is optimized with the Yoast SEO plugin v27.3 - https:\/\/yoast.com\/product\/yoast-seo-wordpress\/ -->\n<title>Parent(s) Adultes - Karine Duprez - Psychoth\u00e9rapie Lille<\/title>\n<meta name=\"robots\" content=\"noindex, follow, max-snippet:-1, max-image-preview:large, max-video-preview:-1\" \/>\n<meta property=\"og:locale\" content=\"fr_FR\" \/>\n<meta property=\"og:type\" content=\"article\" \/>\n<meta property=\"og:title\" content=\"Parent(s) Adultes - Karine Duprez - Psychoth\u00e9rapie Lille\" \/>\n<meta property=\"og:description\" content=\"[vc_row row_height_percent=\u00a0\u00bb30&Prime; override_padding=\u00a0\u00bbyes\u00a0\u00bb h_padding=\u00a0\u00bb2&Prime; top_padding=\u00a0\u00bb0&Prime; bottom_padding=\u00a0\u00bb0&Prime; back_color=\u00a0\u00bbcolor-wayh\u00a0\u00bb back_image=\u00a0\u00bb146053&Prime; back_position=\u00a0\u00bbcenter top\u00a0\u00bb overlay_color=\u00a0\u00bbcolor-wayh\u00a0\u00bb overlay_alpha=\u00a0\u00bb15&Prime; gutter_size=\u00a0\u00bb3&Prime; column_width_percent=\u00a0\u00bb100&Prime; shift_y=\u00a0\u00bb0&Prime; z_index=\u00a0\u00bb0&Prime; enable_bottom_divider=\u00a0\u00bbdefault\u00a0\u00bb bottom_divider=\u00a0\u00bbgradient\u00a0\u00bb shape_bottom_h_use_pixel=\u00a0\u00bbtrue\u00a0\u00bb shape_bottom_height_percent=\u00a0\u00bb75&Prime; [&hellip;]\" \/>\n<meta property=\"og:url\" content=\"https:\/\/projects.justyourweb.fr\/karineduprez\/parents-adultes\/\" \/>\n<meta property=\"og:site_name\" content=\"Karine Duprez - Psychoth\u00e9rapie Lille\" \/>\n<meta property=\"article:modified_time\" content=\"2025-05-09T16:23:25+00:00\" \/>\n<meta property=\"og:image\" content=\"https:\/\/projects.justyourweb.fr\/karineduprez\/wp-content\/uploads\/2024\/09\/demo-homepage-Classic-Logistic-Uncode-2024-New.jpg\" \/>\n\t<meta property=\"og:image:width\" content=\"1200\" \/>\n\t<meta property=\"og:image:height\" content=\"800\" \/>\n\t<meta property=\"og:image:type\" content=\"image\/jpeg\" \/>\n<meta name=\"twitter:card\" content=\"summary_large_image\" \/>\n<meta name=\"twitter:label1\" content=\"Dur\u00e9e de lecture estim\u00e9e\" \/>\n\t<meta name=\"twitter:data1\" content=\"3 minutes\" \/>\n<script type=\"application\/ld+json\" class=\"yoast-schema-graph\">{\"@context\":\"https:\\\/\\\/schema.org\",\"@graph\":[{\"@type\":\"WebPage\",\"@id\":\"https:\\\/\\\/projects.justyourweb.fr\\\/karineduprez\\\/parents-adultes\\\/\",\"url\":\"https:\\\/\\\/projects.justyourweb.fr\\\/karineduprez\\\/parents-adultes\\\/\",\"name\":\"Parent(s) Adultes - Karine Duprez - Psychoth\u00e9rapie Lille\",\"isPartOf\":{\"@id\":\"https:\\\/\\\/projects.justyourweb.fr\\\/karineduprez\\\/#website\"},\"primaryImageOfPage\":{\"@id\":\"https:\\\/\\\/projects.justyourweb.fr\\\/karineduprez\\\/parents-adultes\\\/#primaryimage\"},\"image\":{\"@id\":\"https:\\\/\\\/projects.justyourweb.fr\\\/karineduprez\\\/parents-adultes\\\/#primaryimage\"},\"thumbnailUrl\":\"https:\\\/\\\/projects.justyourweb.fr\\\/karineduprez\\\/wp-content\\\/uploads\\\/2024\\\/09\\\/demo-homepage-Classic-Logistic-Uncode-2024-New.jpg\",\"datePublished\":\"2025-01-10T14:15:29+00:00\",\"dateModified\":\"2025-05-09T16:23:25+00:00\",\"breadcrumb\":{\"@id\":\"https:\\\/\\\/projects.justyourweb.fr\\\/karineduprez\\\/parents-adultes\\\/#breadcrumb\"},\"inLanguage\":\"fr-FR\",\"potentialAction\":[{\"@type\":\"ReadAction\",\"target\":[\"https:\\\/\\\/projects.justyourweb.fr\\\/karineduprez\\\/parents-adultes\\\/\"]}]},{\"@type\":\"ImageObject\",\"inLanguage\":\"fr-FR\",\"@id\":\"https:\\\/\\\/projects.justyourweb.fr\\\/karineduprez\\\/parents-adultes\\\/#primaryimage\",\"url\":\"https:\\\/\\\/projects.justyourweb.fr\\\/karineduprez\\\/wp-content\\\/uploads\\\/2024\\\/09\\\/demo-homepage-Classic-Logistic-Uncode-2024-New.jpg\",\"contentUrl\":\"https:\\\/\\\/projects.justyourweb.fr\\\/karineduprez\\\/wp-content\\\/uploads\\\/2024\\\/09\\\/demo-homepage-Classic-Logistic-Uncode-2024-New.jpg\",\"width\":1200,\"height\":800},{\"@type\":\"BreadcrumbList\",\"@id\":\"https:\\\/\\\/projects.justyourweb.fr\\\/karineduprez\\\/parents-adultes\\\/#breadcrumb\",\"itemListElement\":[{\"@type\":\"ListItem\",\"position\":1,\"name\":\"Accueil\",\"item\":\"https:\\\/\\\/projects.justyourweb.fr\\\/karineduprez\\\/\"},{\"@type\":\"ListItem\",\"position\":2,\"name\":\"Parent(s) Adultes\"}]},{\"@type\":\"WebSite\",\"@id\":\"https:\\\/\\\/projects.justyourweb.fr\\\/karineduprez\\\/#website\",\"url\":\"https:\\\/\\\/projects.justyourweb.fr\\\/karineduprez\\\/\",\"name\":\"Karine Duprez - Psychoth\u00e9rapie Lille\",\"description\":\"\",\"potentialAction\":[{\"@type\":\"SearchAction\",\"target\":{\"@type\":\"EntryPoint\",\"urlTemplate\":\"https:\\\/\\\/projects.justyourweb.fr\\\/karineduprez\\\/?s={search_term_string}\"},\"query-input\":{\"@type\":\"PropertyValueSpecification\",\"valueRequired\":true,\"valueName\":\"search_term_string\"}}],\"inLanguage\":\"fr-FR\"}]}<\/script>\n<!-- \/ Yoast SEO plugin. -->","yoast_head_json":{"title":"Parent(s) Adultes - Karine Duprez - Psychoth\u00e9rapie Lille","robots":{"index":"noindex","follow":"follow","max-snippet":"max-snippet:-1","max-image-preview":"max-image-preview:large","max-video-preview":"max-video-preview:-1"},"og_locale":"fr_FR","og_type":"article","og_title":"Parent(s) Adultes - Karine Duprez - Psychoth\u00e9rapie Lille","og_description":"[vc_row row_height_percent=\u00a0\u00bb30&Prime; override_padding=\u00a0\u00bbyes\u00a0\u00bb h_padding=\u00a0\u00bb2&Prime; top_padding=\u00a0\u00bb0&Prime; bottom_padding=\u00a0\u00bb0&Prime; back_color=\u00a0\u00bbcolor-wayh\u00a0\u00bb back_image=\u00a0\u00bb146053&Prime; back_position=\u00a0\u00bbcenter top\u00a0\u00bb overlay_color=\u00a0\u00bbcolor-wayh\u00a0\u00bb overlay_alpha=\u00a0\u00bb15&Prime; gutter_size=\u00a0\u00bb3&Prime; column_width_percent=\u00a0\u00bb100&Prime; shift_y=\u00a0\u00bb0&Prime; z_index=\u00a0\u00bb0&Prime; enable_bottom_divider=\u00a0\u00bbdefault\u00a0\u00bb bottom_divider=\u00a0\u00bbgradient\u00a0\u00bb shape_bottom_h_use_pixel=\u00a0\u00bbtrue\u00a0\u00bb shape_bottom_height_percent=\u00a0\u00bb75&Prime; [&hellip;]","og_url":"https:\/\/projects.justyourweb.fr\/karineduprez\/parents-adultes\/","og_site_name":"Karine Duprez - Psychoth\u00e9rapie Lille","article_modified_time":"2025-05-09T16:23:25+00:00","og_image":[{"width":1200,"height":800,"url":"https:\/\/projects.justyourweb.fr\/karineduprez\/wp-content\/uploads\/2024\/09\/demo-homepage-Classic-Logistic-Uncode-2024-New.jpg","type":"image\/jpeg"}],"twitter_card":"summary_large_image","twitter_misc":{"Dur\u00e9e de lecture estim\u00e9e":"3 minutes"},"schema":{"@context":"https:\/\/schema.org","@graph":[{"@type":"WebPage","@id":"https:\/\/projects.justyourweb.fr\/karineduprez\/parents-adultes\/","url":"https:\/\/projects.justyourweb.fr\/karineduprez\/parents-adultes\/","name":"Parent(s) Adultes - Karine Duprez - Psychoth\u00e9rapie Lille","isPartOf":{"@id":"https:\/\/projects.justyourweb.fr\/karineduprez\/#website"},"primaryImageOfPage":{"@id":"https:\/\/projects.justyourweb.fr\/karineduprez\/parents-adultes\/#primaryimage"},"image":{"@id":"https:\/\/projects.justyourweb.fr\/karineduprez\/parents-adultes\/#primaryimage"},"thumbnailUrl":"https:\/\/projects.justyourweb.fr\/karineduprez\/wp-content\/uploads\/2024\/09\/demo-homepage-Classic-Logistic-Uncode-2024-New.jpg","datePublished":"2025-01-10T14:15:29+00:00","dateModified":"2025-05-09T16:23:25+00:00","breadcrumb":{"@id":"https:\/\/projects.justyourweb.fr\/karineduprez\/parents-adultes\/#breadcrumb"},"inLanguage":"fr-FR","potentialAction":[{"@type":"ReadAction","target":["https:\/\/projects.justyourweb.fr\/karineduprez\/parents-adultes\/"]}]},{"@type":"ImageObject","inLanguage":"fr-FR","@id":"https:\/\/projects.justyourweb.fr\/karineduprez\/parents-adultes\/#primaryimage","url":"https:\/\/projects.justyourweb.fr\/karineduprez\/wp-content\/uploads\/2024\/09\/demo-homepage-Classic-Logistic-Uncode-2024-New.jpg","contentUrl":"https:\/\/projects.justyourweb.fr\/karineduprez\/wp-content\/uploads\/2024\/09\/demo-homepage-Classic-Logistic-Uncode-2024-New.jpg","width":1200,"height":800},{"@type":"BreadcrumbList","@id":"https:\/\/projects.justyourweb.fr\/karineduprez\/parents-adultes\/#breadcrumb","itemListElement":[{"@type":"ListItem","position":1,"name":"Accueil","item":"https:\/\/projects.justyourweb.fr\/karineduprez\/"},{"@type":"ListItem","position":2,"name":"Parent(s) Adultes"}]},{"@type":"WebSite","@id":"https:\/\/projects.justyourweb.fr\/karineduprez\/#website","url":"https:\/\/projects.justyourweb.fr\/karineduprez\/","name":"Karine Duprez - Psychoth\u00e9rapie Lille","description":"","potentialAction":[{"@type":"SearchAction","target":{"@type":"EntryPoint","urlTemplate":"https:\/\/projects.justyourweb.fr\/karineduprez\/?s={search_term_string}"},"query-input":{"@type":"PropertyValueSpecification","valueRequired":true,"valueName":"search_term_string"}}],"inLanguage":"fr-FR"}]}},"_links":{"self":[{"href":"https:\/\/projects.justyourweb.fr\/karineduprez\/wp-json\/wp\/v2\/pages\/145609","targetHints":{"allow":["GET"]}}],"collection":[{"href":"https:\/\/projects.justyourweb.fr\/karineduprez\/wp-json\/wp\/v2\/pages"}],"about":[{"href":"https:\/\/projects.justyourweb.fr\/karineduprez\/wp-json\/wp\/v2\/types\/page"}],"author":[{"embeddable":true,"href":"https:\/\/projects.justyourweb.fr\/karineduprez\/wp-json\/wp\/v2\/users\/1"}],"replies":[{"embeddable":true,"href":"https:\/\/projects.justyourweb.fr\/karineduprez\/wp-json\/wp\/v2\/comments?post=145609"}],"version-history":[{"count":50,"href":"https:\/\/projects.justyourweb.fr\/karineduprez\/wp-json\/wp\/v2\/pages\/145609\/revisions"}],"predecessor-version":[{"id":146091,"href":"https:\/\/projects.justyourweb.fr\/karineduprez\/wp-json\/wp\/v2\/pages\/145609\/revisions\/146091"}],"wp:featuredmedia":[{"embeddable":true,"href":"https:\/\/projects.justyourweb.fr\/karineduprez\/wp-json\/wp\/v2\/media\/140500"}],"wp:attachment":[{"href":"https:\/\/projects.justyourweb.fr\/karineduprez\/wp-json\/wp\/v2\/media?parent=145609"}],"curies":[{"name":"wp","href":"https:\/\/api.w.org\/{rel}","templated":true}]}}