{"id":145906,"date":"2025-03-05T11:38:40","date_gmt":"2025-03-05T10:38:40","guid":{"rendered":"https:\/\/projects.justyourweb.fr\/karineduprez\/?page_id=145906"},"modified":"2025-05-15T17:16:47","modified_gmt":"2025-05-15T15:16:47","slug":"mentions-legales","status":"publish","type":"page","link":"https:\/\/projects.justyourweb.fr\/karineduprez\/mentions-legales\/","title":{"rendered":"Mentions l\u00e9gales"},"content":{"rendered":"<div class=\"wpb-content-wrapper\"><p>[vc_row][vc_column width=\u00a0\u00bb1\/1&Prime;][vc_column_text uncode_shortcode_id=\u00a0\u00bb127007&Prime;]<\/p>\n<h2>1 \u2013\u00a0\u00c9dition du site<\/h2>\n<p>En vertu de\u00a0<a href=\"https:\/\/www.legifrance.gouv.fr\/affichTexte.do?cidTexte=JORFTEXT000000801164#LEGIARTI000042038977\" target=\"_blank\" rel=\"noopener\">l\u2019article 6 de la loi n\u00b0 2004-575 du 21 juin 2004<\/a>\u00a0pour la confiance dans l\u2019\u00e9conomie num\u00e9rique, il est pr\u00e9cis\u00e9 aux utilisateurs du site internet\u00a0<strong>https:\/\/karine-duprez.fr\/<\/strong>\u00a0l\u2019identit\u00e9 des diff\u00e9rents intervenants dans le cadre de sa r\u00e9alisation et de son suivi:<\/p>\n<p><strong>Propri\u00e9taire du site :\u00a0<\/strong>Karine DUPREZ \u2013 Contact : kduprez@orange.fr 06 80 13 04 46 \u2013 Adresse : Cabinet St Jo, 10 rue Saint Joseph, 59 110 La Madeleine.<\/p>\n<p><strong>Identification de l\u2019entreprise :<\/strong>\u00a0Karine DUPREZ au capital social de \u20ac \u2013 SIREN : \u2013 RCS ou RM : \u2013 Adresse postale : 221 Rue de la reine Astrid 59700 Marcq en Baroeul.<\/p>\n<p><strong>Directeur de la publication :\u00a0<\/strong>Karine DUPREZ\u00a0\u2013 Contact :\u00a0kduprez@orange.fr.<\/p>\n<p><strong>H\u00e9bergeur :<\/strong>\u00a0PlanetHoster 4416 Louis-B.-Mayer Laval, Qu\u00e9bec Canada H7P 0G1 \u2013 T\u00e9l\u00e9phone : +1 855-774-4678<\/p>\n<p><strong>D\u00e9l\u00e9gu\u00e9 \u00e0 la protection des donn\u00e9es :<\/strong>\u00a0Karine DUPREZ \u2013 kduprez@orange.fr.<\/p>\n<p><strong>Conception du site, H\u00e9bergement et Maintenance informatique : Just your Web<\/strong><br \/>\nSoci\u00e9t\u00e9 de Conseil informatique et de Cr\u00e9ation de Sites web et e-commerce<br \/>\nSite internet :\u00a0<a href=\"https:\/\/www.justyourweb.fr\/\" target=\"_blank\" rel=\"noreferrer noopener\">https:\/\/www.justyourweb.fr<\/a><\/p>\n<figure class=\"wp-block-image size-large is-resized\"><a href=\"https:\/\/www.justyourweb.fr\/\" target=\"_blank\" rel=\"noopener\"><img decoding=\"async\" class=\"lazyautosizes lazyloaded alignnone wp-image-500\" src=\"https:\/\/www.frontrunnerslille.org\/wp-content\/uploads\/2024\/11\/logo-justyourweb-1200x230.png\" sizes=\"292px\" srcset=\"https:\/\/www.frontrunnerslille.org\/wp-content\/uploads\/2024\/11\/logo-justyourweb-1200x230.png 1200w, https:\/\/www.frontrunnerslille.org\/wp-content\/uploads\/2024\/11\/logo-justyourweb-500x96.png 500w, https:\/\/www.frontrunnerslille.org\/wp-content\/uploads\/2024\/11\/logo-justyourweb-300x57.png 300w, https:\/\/www.frontrunnerslille.org\/wp-content\/uploads\/2024\/11\/logo-justyourweb-768x147.png 768w, https:\/\/www.frontrunnerslille.org\/wp-content\/uploads\/2024\/11\/logo-justyourweb-1536x294.png 1536w, https:\/\/www.frontrunnerslille.org\/wp-content\/uploads\/2024\/11\/logo-justyourweb-2048x392.png 2048w, https:\/\/www.frontrunnerslille.org\/wp-content\/uploads\/2024\/11\/logo-justyourweb-150x29.png 150w, https:\/\/www.frontrunnerslille.org\/wp-content\/uploads\/2024\/11\/logo-justyourweb-480x92.png 480w, https:\/\/www.frontrunnerslille.org\/wp-content\/uploads\/2024\/11\/logo-justyourweb-800x153.png 800w\" alt=\"Just your Web : Cr\u00e9ation sites Web Lille\" width=\"210\" height=\"40\" data-src=\"https:\/\/www.frontrunnerslille.org\/wp-content\/uploads\/2024\/11\/logo-justyourweb-1200x230.png\" data-srcset=\"https:\/\/www.frontrunnerslille.org\/wp-content\/uploads\/2024\/11\/logo-justyourweb-1200x230.png 1200w, https:\/\/www.frontrunnerslille.org\/wp-content\/uploads\/2024\/11\/logo-justyourweb-500x96.png 500w, https:\/\/www.frontrunnerslille.org\/wp-content\/uploads\/2024\/11\/logo-justyourweb-300x57.png 300w, https:\/\/www.frontrunnerslille.org\/wp-content\/uploads\/2024\/11\/logo-justyourweb-768x147.png 768w, https:\/\/www.frontrunnerslille.org\/wp-content\/uploads\/2024\/11\/logo-justyourweb-1536x294.png 1536w, https:\/\/www.frontrunnerslille.org\/wp-content\/uploads\/2024\/11\/logo-justyourweb-2048x392.png 2048w, https:\/\/www.frontrunnerslille.org\/wp-content\/uploads\/2024\/11\/logo-justyourweb-150x29.png 150w, https:\/\/www.frontrunnerslille.org\/wp-content\/uploads\/2024\/11\/logo-justyourweb-480x92.png 480w, https:\/\/www.frontrunnerslille.org\/wp-content\/uploads\/2024\/11\/logo-justyourweb-800x153.png 800w\" data-sizes=\"auto\" data-eio-rwidth=\"1200\" data-eio-rheight=\"230\" \/><\/a><\/figure>\n<h2>2 \u2013 Propri\u00e9t\u00e9 intellectuelle et contrefa\u00e7ons<\/h2>\n<p><strong>Karine DUPREZ<\/strong>\u00a0est propri\u00e9taire des droits de propri\u00e9t\u00e9 intellectuelle et d\u00e9tient les droits d\u2019usage sur tous les \u00e9l\u00e9ments accessibles sur le site internet, notamment les textes, images, graphismes, logos, vid\u00e9os, architecture, ic\u00f4nes et sons.<\/p>\n<p>Toute reproduction, repr\u00e9sentation, modification, publication, adaptation de tout ou partie des \u00e9l\u00e9ments du site, quel que soit le moyen ou le proc\u00e9d\u00e9 utilis\u00e9, est interdite, sauf autorisation \u00e9crite pr\u00e9alable de\u00a0<strong>Karine DUPREZ<\/strong>.<\/p>\n<p>Toute exploitation non autoris\u00e9e du site ou de l\u2019un quelconque des \u00e9l\u00e9ments qu\u2019il contient sera consid\u00e9r\u00e9e comme constitutive d\u2019une contrefa\u00e7on et poursuivie conform\u00e9ment aux dispositions des articles\u00a0<a href=\"https:\/\/www.legifrance.gouv.fr\/affichCodeArticle.do?idArticle=LEGIARTI000032655082&amp;cidTexte=LEGITEXT000006069414&amp;dateTexte=20160605\" target=\"_blank\" rel=\"noopener\">L.335-2 et suivants du Code de Propri\u00e9t\u00e9 Intellectuelle<\/a>.<\/p>\n<h2>3 \u2013 Limitations de responsabilit\u00e9<\/h2>\n<p><strong>Karine DUPREZ<\/strong>\u00a0ne pourra \u00eatre tenu pour responsable des dommages directs et indirects caus\u00e9s au mat\u00e9riel de l\u2019utilisateur, lors de l\u2019acc\u00e8s au site\u00a0<strong>https:\/\/karine-duprez.fr\/<\/strong>.<\/p>\n<p><strong>Karine DUPREZ<\/strong>\u00a0d\u00e9cline toute responsabilit\u00e9 quant \u00e0 l\u2019utilisation qui pourrait \u00eatre faite des informations et contenus pr\u00e9sents sur\u00a0<strong>https:\/\/karine-duprez.fr\/<\/strong>.<\/p>\n<p><strong>Karine DUPREZ<\/strong>\u00a0s\u2019engage \u00e0 s\u00e9curiser au mieux le site\u00a0<strong>https:\/\/karine-duprez.fr\/<\/strong>, cependant sa responsabilit\u00e9 ne pourra \u00eatre mise en cause si des donn\u00e9es ind\u00e9sirables sont import\u00e9es et install\u00e9es sur son site \u00e0 son insu.<\/p>\n<p>Des espaces interactifs (espace contact ou commentaires) sont \u00e0 la disposition des utilisateurs.\u00a0<strong>Karine DUPREZ<\/strong>\u00a0se r\u00e9serve le droit de supprimer, sans mise en demeure pr\u00e9alable, tout contenu d\u00e9pos\u00e9 dans cet espace qui contreviendrait \u00e0 la l\u00e9gislation applicable en France, en particulier aux dispositions relatives \u00e0 la protection des donn\u00e9es.<\/p>\n<p>Le cas \u00e9ch\u00e9ant,\u00a0<strong>Karine DUPREZ<\/strong>\u00a0se r\u00e9serve \u00e9galement la possibilit\u00e9 de mettre en cause la responsabilit\u00e9 civile et\/ou p\u00e9nale de l\u2019utilisateur, notamment en cas de message \u00e0 caract\u00e8re raciste, injurieux, diffamant, ou pornographique, quel que soit le support utilis\u00e9 (texte, photographie \u2026).<\/p>\n<h2>4 \u2013 CNIL et gestion des donn\u00e9es personnelles<\/h2>\n<p>Conform\u00e9ment aux dispositions de\u00a0<a href=\"https:\/\/www.legifrance.gouv.fr\/affichTexte.do?cidTexte=JORFTEXT000000886460\" target=\"_blank\" rel=\"noopener\">la loi 78-17 du 6 janvier 1978 modifi\u00e9e<\/a>, l\u2019utilisateur du site\u00a0<strong>https:\/\/karine-duprez.fr\/<\/strong>\u00a0dispose d\u2019un droit d\u2019acc\u00e8s, de modification et de suppression des informations collect\u00e9es. Pour exercer ce droit, envoyez un message \u00e0 notre D\u00e9l\u00e9gu\u00e9 \u00e0 la Protection des Donn\u00e9es :\u00a0<strong>Karine DUPREZ<\/strong>\u00a0\u2013\u00a0<strong>kduprez@orange.fr<\/strong>.<\/p>\n<p>Pour plus d\u2019informations sur la fa\u00e7on dont nous traitons vos donn\u00e9es (type de donn\u00e9es, finalit\u00e9, destinataire\u2026), lisez notre\u00a0<strong>https:\/\/karine-duprez.fr\/politique-de-confidentialite\/<\/strong>.<\/p>\n<h2>5 \u2013 Liens hypertextes et cookies<\/h2>\n<p>Le site\u00a0<strong>https:\/\/karine-duprez.fr\/<\/strong>\u00a0contient des liens hypertextes vers d\u2019autres sites et d\u00e9gage toute responsabilit\u00e9 \u00e0 propos de ces liens externes ou des liens cr\u00e9\u00e9s par d\u2019autres sites vers\u00a0<strong>https:\/\/karine-duprez.fr\/<\/strong>.<\/p>\n<p>La navigation sur le site\u00a0<strong>https:\/\/karine-duprez.fr\/<\/strong>\u00a0est susceptible de provoquer l\u2019installation de cookie(s) sur l\u2019ordinateur de l\u2019utilisateur.<\/p>\n<p>Un \u00ab\u00a0cookie\u00a0\u00bb est un fichier de petite taille qui enregistre des informations relatives \u00e0 la navigation d\u2019un utilisateur sur un site. Les donn\u00e9es ainsi obtenues permettent d\u2019obtenir des mesures de fr\u00e9quentation, par exemple.<\/p>\n<p>Vous avez la possibilit\u00e9\u00a0<strong>d<\/strong><strong>\u2019accepter ou de refuser les cookies<\/strong>\u00a0en modifiant les param\u00e8tres de votre navigateur. Aucun cookie ne sera d\u00e9pos\u00e9 sans votre consentement.<\/p>\n<p>Les cookies sont enregistr\u00e9s pour une dur\u00e9e maximale de\u00a0mois.<\/p>\n<p>Pour plus d\u2019informations sur la fa\u00e7on dont nous faisons usage des cookies, lisez notre\u00a0<strong>https:\/\/karine-duprez.fr\/politique-de-confidentialite\/<\/strong>.<\/p>\n<h2>6 \u2013 Droit applicable et attribution de juridiction<\/h2>\n<p>Tout litige en relation avec l\u2019utilisation du site\u00a0<strong>https:\/\/karine-duprez.fr\/<\/strong>\u00a0est soumis au droit fran\u00e7ais. En dehors des cas o\u00f9 la loi ne le permet pas, il est fait attribution exclusive de juridiction aux tribunaux comp\u00e9tents de\u00a0<strong>Lille<\/strong>.[\/vc_column_text][\/vc_column][\/vc_row]<\/p>\n<\/div>","protected":false},"excerpt":{"rendered":"<p>[vc_row][vc_column width=\u00a0\u00bb1\/1&Prime;][vc_column_text uncode_shortcode_id=\u00a0\u00bb127007&Prime;] 1 \u2013\u00a0\u00c9dition du site En vertu de\u00a0l\u2019article 6 de la loi n\u00b0 2004-575 du 21 juin 2004\u00a0pour [&hellip;]<\/p>\n","protected":false},"author":1,"featured_media":0,"parent":0,"menu_order":0,"comment_status":"closed","ping_status":"closed","template":"","meta":{"footnotes":""},"class_list":["post-145906","page","type-page","status-publish","hentry"],"yoast_head":"<!-- This site is optimized with the Yoast SEO plugin v27.3 - https:\/\/yoast.com\/product\/yoast-seo-wordpress\/ -->\n<title>Mentions l\u00e9gales - Karine Duprez - Psychoth\u00e9rapie Lille<\/title>\n<meta name=\"robots\" content=\"noindex, follow, max-snippet:-1, max-image-preview:large, max-video-preview:-1\" \/>\n<meta property=\"og:locale\" content=\"fr_FR\" \/>\n<meta property=\"og:type\" content=\"article\" \/>\n<meta property=\"og:title\" content=\"Mentions l\u00e9gales - Karine Duprez - Psychoth\u00e9rapie Lille\" \/>\n<meta property=\"og:description\" content=\"[vc_row][vc_column width=\u00a0\u00bb1\/1&Prime;][vc_column_text uncode_shortcode_id=\u00a0\u00bb127007&Prime;] 1 \u2013\u00a0\u00c9dition du site En vertu de\u00a0l\u2019article 6 de la loi n\u00b0 2004-575 du 21 juin 2004\u00a0pour [&hellip;]\" \/>\n<meta property=\"og:url\" content=\"https:\/\/projects.justyourweb.fr\/karineduprez\/mentions-legales\/\" \/>\n<meta property=\"og:site_name\" content=\"Karine Duprez - Psychoth\u00e9rapie Lille\" \/>\n<meta property=\"article:modified_time\" content=\"2025-05-15T15:16:47+00:00\" \/>\n<meta name=\"twitter:card\" content=\"summary_large_image\" \/>\n<meta name=\"twitter:label1\" content=\"Dur\u00e9e de lecture estim\u00e9e\" \/>\n\t<meta name=\"twitter:data1\" content=\"4 minutes\" \/>\n<script type=\"application\/ld+json\" class=\"yoast-schema-graph\">{\"@context\":\"https:\\\/\\\/schema.org\",\"@graph\":[{\"@type\":\"WebPage\",\"@id\":\"https:\\\/\\\/projects.justyourweb.fr\\\/karineduprez\\\/mentions-legales\\\/\",\"url\":\"https:\\\/\\\/projects.justyourweb.fr\\\/karineduprez\\\/mentions-legales\\\/\",\"name\":\"Mentions l\u00e9gales - Karine Duprez - Psychoth\u00e9rapie Lille\",\"isPartOf\":{\"@id\":\"https:\\\/\\\/projects.justyourweb.fr\\\/karineduprez\\\/#website\"},\"primaryImageOfPage\":{\"@id\":\"https:\\\/\\\/projects.justyourweb.fr\\\/karineduprez\\\/mentions-legales\\\/#primaryimage\"},\"image\":{\"@id\":\"https:\\\/\\\/projects.justyourweb.fr\\\/karineduprez\\\/mentions-legales\\\/#primaryimage\"},\"thumbnailUrl\":\"https:\\\/\\\/www.frontrunnerslille.org\\\/wp-content\\\/uploads\\\/2024\\\/11\\\/logo-justyourweb-1200x230.png\",\"datePublished\":\"2025-03-05T10:38:40+00:00\",\"dateModified\":\"2025-05-15T15:16:47+00:00\",\"breadcrumb\":{\"@id\":\"https:\\\/\\\/projects.justyourweb.fr\\\/karineduprez\\\/mentions-legales\\\/#breadcrumb\"},\"inLanguage\":\"fr-FR\",\"potentialAction\":[{\"@type\":\"ReadAction\",\"target\":[\"https:\\\/\\\/projects.justyourweb.fr\\\/karineduprez\\\/mentions-legales\\\/\"]}]},{\"@type\":\"ImageObject\",\"inLanguage\":\"fr-FR\",\"@id\":\"https:\\\/\\\/projects.justyourweb.fr\\\/karineduprez\\\/mentions-legales\\\/#primaryimage\",\"url\":\"https:\\\/\\\/www.frontrunnerslille.org\\\/wp-content\\\/uploads\\\/2024\\\/11\\\/logo-justyourweb-1200x230.png\",\"contentUrl\":\"https:\\\/\\\/www.frontrunnerslille.org\\\/wp-content\\\/uploads\\\/2024\\\/11\\\/logo-justyourweb-1200x230.png\"},{\"@type\":\"BreadcrumbList\",\"@id\":\"https:\\\/\\\/projects.justyourweb.fr\\\/karineduprez\\\/mentions-legales\\\/#breadcrumb\",\"itemListElement\":[{\"@type\":\"ListItem\",\"position\":1,\"name\":\"Accueil\",\"item\":\"https:\\\/\\\/projects.justyourweb.fr\\\/karineduprez\\\/\"},{\"@type\":\"ListItem\",\"position\":2,\"name\":\"Mentions l\u00e9gales\"}]},{\"@type\":\"WebSite\",\"@id\":\"https:\\\/\\\/projects.justyourweb.fr\\\/karineduprez\\\/#website\",\"url\":\"https:\\\/\\\/projects.justyourweb.fr\\\/karineduprez\\\/\",\"name\":\"Karine Duprez - Psychoth\u00e9rapie Lille\",\"description\":\"\",\"potentialAction\":[{\"@type\":\"SearchAction\",\"target\":{\"@type\":\"EntryPoint\",\"urlTemplate\":\"https:\\\/\\\/projects.justyourweb.fr\\\/karineduprez\\\/?s={search_term_string}\"},\"query-input\":{\"@type\":\"PropertyValueSpecification\",\"valueRequired\":true,\"valueName\":\"search_term_string\"}}],\"inLanguage\":\"fr-FR\"}]}<\/script>\n<!-- \/ Yoast SEO plugin. -->","yoast_head_json":{"title":"Mentions l\u00e9gales - Karine Duprez - Psychoth\u00e9rapie Lille","robots":{"index":"noindex","follow":"follow","max-snippet":"max-snippet:-1","max-image-preview":"max-image-preview:large","max-video-preview":"max-video-preview:-1"},"og_locale":"fr_FR","og_type":"article","og_title":"Mentions l\u00e9gales - Karine Duprez - Psychoth\u00e9rapie Lille","og_description":"[vc_row][vc_column width=\u00a0\u00bb1\/1&Prime;][vc_column_text uncode_shortcode_id=\u00a0\u00bb127007&Prime;] 1 \u2013\u00a0\u00c9dition du site En vertu de\u00a0l\u2019article 6 de la loi n\u00b0 2004-575 du 21 juin 2004\u00a0pour [&hellip;]","og_url":"https:\/\/projects.justyourweb.fr\/karineduprez\/mentions-legales\/","og_site_name":"Karine Duprez - Psychoth\u00e9rapie Lille","article_modified_time":"2025-05-15T15:16:47+00:00","twitter_card":"summary_large_image","twitter_misc":{"Dur\u00e9e de lecture estim\u00e9e":"4 minutes"},"schema":{"@context":"https:\/\/schema.org","@graph":[{"@type":"WebPage","@id":"https:\/\/projects.justyourweb.fr\/karineduprez\/mentions-legales\/","url":"https:\/\/projects.justyourweb.fr\/karineduprez\/mentions-legales\/","name":"Mentions l\u00e9gales - Karine Duprez - Psychoth\u00e9rapie Lille","isPartOf":{"@id":"https:\/\/projects.justyourweb.fr\/karineduprez\/#website"},"primaryImageOfPage":{"@id":"https:\/\/projects.justyourweb.fr\/karineduprez\/mentions-legales\/#primaryimage"},"image":{"@id":"https:\/\/projects.justyourweb.fr\/karineduprez\/mentions-legales\/#primaryimage"},"thumbnailUrl":"https:\/\/www.frontrunnerslille.org\/wp-content\/uploads\/2024\/11\/logo-justyourweb-1200x230.png","datePublished":"2025-03-05T10:38:40+00:00","dateModified":"2025-05-15T15:16:47+00:00","breadcrumb":{"@id":"https:\/\/projects.justyourweb.fr\/karineduprez\/mentions-legales\/#breadcrumb"},"inLanguage":"fr-FR","potentialAction":[{"@type":"ReadAction","target":["https:\/\/projects.justyourweb.fr\/karineduprez\/mentions-legales\/"]}]},{"@type":"ImageObject","inLanguage":"fr-FR","@id":"https:\/\/projects.justyourweb.fr\/karineduprez\/mentions-legales\/#primaryimage","url":"https:\/\/www.frontrunnerslille.org\/wp-content\/uploads\/2024\/11\/logo-justyourweb-1200x230.png","contentUrl":"https:\/\/www.frontrunnerslille.org\/wp-content\/uploads\/2024\/11\/logo-justyourweb-1200x230.png"},{"@type":"BreadcrumbList","@id":"https:\/\/projects.justyourweb.fr\/karineduprez\/mentions-legales\/#breadcrumb","itemListElement":[{"@type":"ListItem","position":1,"name":"Accueil","item":"https:\/\/projects.justyourweb.fr\/karineduprez\/"},{"@type":"ListItem","position":2,"name":"Mentions l\u00e9gales"}]},{"@type":"WebSite","@id":"https:\/\/projects.justyourweb.fr\/karineduprez\/#website","url":"https:\/\/projects.justyourweb.fr\/karineduprez\/","name":"Karine Duprez - Psychoth\u00e9rapie Lille","description":"","potentialAction":[{"@type":"SearchAction","target":{"@type":"EntryPoint","urlTemplate":"https:\/\/projects.justyourweb.fr\/karineduprez\/?s={search_term_string}"},"query-input":{"@type":"PropertyValueSpecification","valueRequired":true,"valueName":"search_term_string"}}],"inLanguage":"fr-FR"}]}},"_links":{"self":[{"href":"https:\/\/projects.justyourweb.fr\/karineduprez\/wp-json\/wp\/v2\/pages\/145906","targetHints":{"allow":["GET"]}}],"collection":[{"href":"https:\/\/projects.justyourweb.fr\/karineduprez\/wp-json\/wp\/v2\/pages"}],"about":[{"href":"https:\/\/projects.justyourweb.fr\/karineduprez\/wp-json\/wp\/v2\/types\/page"}],"author":[{"embeddable":true,"href":"https:\/\/projects.justyourweb.fr\/karineduprez\/wp-json\/wp\/v2\/users\/1"}],"replies":[{"embeddable":true,"href":"https:\/\/projects.justyourweb.fr\/karineduprez\/wp-json\/wp\/v2\/comments?post=145906"}],"version-history":[{"count":2,"href":"https:\/\/projects.justyourweb.fr\/karineduprez\/wp-json\/wp\/v2\/pages\/145906\/revisions"}],"predecessor-version":[{"id":146131,"href":"https:\/\/projects.justyourweb.fr\/karineduprez\/wp-json\/wp\/v2\/pages\/145906\/revisions\/146131"}],"wp:attachment":[{"href":"https:\/\/projects.justyourweb.fr\/karineduprez\/wp-json\/wp\/v2\/media?parent=145906"}],"curies":[{"name":"wp","href":"https:\/\/api.w.org\/{rel}","templated":true}]}}